{"id":162,"date":"2024-03-25T20:07:14","date_gmt":"2024-03-25T20:07:14","guid":{"rendered":"https:\/\/15popolnocy.pl\/?post_type=product&#038;p=162"},"modified":"2024-04-30T11:04:52","modified_gmt":"2024-04-30T11:04:52","slug":"pietnascie-po-polnocy","status":"publish","type":"product","link":"https:\/\/15popolnocy.pl\/?product=pietnascie-po-polnocy","title":{"rendered":"Pi\u0119tna\u015bcie po p\u00f3\u0142nocy"},"content":{"rendered":"<p>Piotr Ostafi, urodzony 8 pa\u017adziernika 1974 roku w Poznaniu, to adwokat z wieloletnim do\u015bwiadczeniem. Jako zodiakalna waga stara si\u0119 jednak \u0142\u0105czy\u0107 powag\u0119 i odpowiedzialno\u015b\u0107 swojego zawodu z szeregiem innych pasji i aktywno\u015bci. Lubi podr\u00f3\u017cowa\u0107, zar\u00f3wno po Polsce, jak i po \u015bwiecie. Z plecakiem przemierzy\u0142 ju\u017c ponad 60 kraj\u00f3w, w tym wiele dzikich i egzotycznych, gdzie zapewne czerpa\u0142 natchnienie i pomys\u0142y do swoich opowiada\u0144. Aktualnie, zamiast plecaka, w podr\u00f3\u017ce zabiera na plecach swojego ma\u0142ego synka. Daleki \u015bwiat przyci\u0105ga\u0142 go zawsze, bo ju\u017c w czasie studi\u00f3w pracowa\u0142 przez kilka lat jako pilot i przewodnik wycieczek zagranicznych. By\u0142 te\u017c rzecznikiem prasowym, animatorem kultury, t\u0142umaczem, czy po\u015brednikiem w obrocie nieruchomo\u015bciami. Sw\u00f3j talent oratorski wykorzysta\u0142 z kolei wcielaj\u0105c si\u0119 w rol\u0119 adwokata w serialu dokumentalno-fabularnym \u201eS\u0105d Rodzinny\u201d emitowanym przez wiele lat w telewizji TVN. Uwielbia czyta\u0107 dobre ksi\u0105\u017cki, ogl\u0105da\u0107 inspiruj\u0105ce filmy, gra\u0107 w karty i plansz\u00f3wki. Cieszy go gotowanie dla przyjaci\u00f3\u0142 i czas sp\u0119dzany z najbli\u017cszymi.<\/p>\n","protected":false},"excerpt":{"rendered":"<p>Piotr Ostafi, urodzony 8 pa\u017adziernika 1974 roku w Poznaniu, to adwokat z wieloletnim do\u015bwiadczeniem. Jako zodiakalna waga stara si\u0119 jednak \u0142\u0105czy\u0107 powag\u0119 i odpowiedzialno\u015b\u0107 swojego zawodu z szeregiem innych pasji i aktywno\u015bci. Lubi podr\u00f3\u017cowa\u0107, zar\u00f3wno po Polsce, jak i po \u015bwiecie. Z plecakiem przemierzy\u0142 ju\u017c ponad 60 kraj\u00f3w, w tym&#8230;<\/p>\n","protected":false},"featured_media":125,"comment_status":"open","ping_status":"closed","template":"","meta":{"_eb_attr":""},"product_brand":[],"product_cat":[17],"product_tag":[],"class_list":{"0":"post-162","1":"product","2":"type-product","3":"status-publish","4":"has-post-thumbnail","6":"product_cat-bez-kategorii","8":"first","9":"instock","10":"shipping-taxable","11":"purchasable","12":"product-type-simple"},"jetpack_sharing_enabled":true,"_links":{"self":[{"href":"https:\/\/15popolnocy.pl\/index.php?rest_route=\/wp\/v2\/product\/162","targetHints":{"allow":["GET"]}}],"collection":[{"href":"https:\/\/15popolnocy.pl\/index.php?rest_route=\/wp\/v2\/product"}],"about":[{"href":"https:\/\/15popolnocy.pl\/index.php?rest_route=\/wp\/v2\/types\/product"}],"replies":[{"embeddable":true,"href":"https:\/\/15popolnocy.pl\/index.php?rest_route=%2Fwp%2Fv2%2Fcomments&post=162"}],"wp:featuredmedia":[{"embeddable":true,"href":"https:\/\/15popolnocy.pl\/index.php?rest_route=\/wp\/v2\/media\/125"}],"wp:attachment":[{"href":"https:\/\/15popolnocy.pl\/index.php?rest_route=%2Fwp%2Fv2%2Fmedia&parent=162"}],"wp:term":[{"taxonomy":"product_brand","embeddable":true,"href":"https:\/\/15popolnocy.pl\/index.php?rest_route=%2Fwp%2Fv2%2Fproduct_brand&post=162"},{"taxonomy":"product_cat","embeddable":true,"href":"https:\/\/15popolnocy.pl\/index.php?rest_route=%2Fwp%2Fv2%2Fproduct_cat&post=162"},{"taxonomy":"product_tag","embeddable":true,"href":"https:\/\/15popolnocy.pl\/index.php?rest_route=%2Fwp%2Fv2%2Fproduct_tag&post=162"}],"curies":[{"name":"wp","href":"https:\/\/api.w.org\/{rel}","templated":true}]}}